{"id":1328,"date":"2021-02-07T16:26:54","date_gmt":"2021-02-07T15:26:54","guid":{"rendered":"https:\/\/heinz-rollstuhl-teile.ch\/?page_id=1328"},"modified":"2021-09-13T20:56:25","modified_gmt":"2021-09-13T18:56:25","slug":"ueber-mich","status":"publish","type":"page","link":"https:\/\/heinz-rollstuhl-teile.ch\/index.php\/ueber-mich\/","title":{"rendered":"\u00dcber mich"},"content":{"rendered":"\t\t<div data-elementor-type=\"wp-page\" data-elementor-id=\"1328\" class=\"elementor elementor-1328\">\n\t\t\t\t\t\t<section class=\"elementor-section elementor-top-section elementor-element elementor-element-44c925d elementor-section-boxed elementor-section-height-default elementor-section-height-default\" data-id=\"44c925d\" data-element_type=\"section\">\n\t\t\t\t\t\t<div class=\"elementor-container elementor-column-gap-default\">\n\t\t\t\t\t<div class=\"elementor-column elementor-col-100 elementor-top-column elementor-element elementor-element-bd6dd50\" data-id=\"bd6dd50\" data-element_type=\"column\">\n\t\t\t<div class=\"elementor-widget-wrap elementor-element-populated\">\n\t\t\t\t\t\t<div class=\"elementor-element elementor-element-106a351 elementor-widget elementor-widget-heading\" data-id=\"106a351\" data-element_type=\"widget\" data-widget_type=\"heading.default\">\n\t\t\t\t<div class=\"elementor-widget-container\">\n\t\t\t\t\t<h1 class=\"elementor-heading-title elementor-size-default\">\u00dcber mich<\/h1>\t\t\t\t<\/div>\n\t\t\t\t<\/div>\n\t\t\t\t\t<\/div>\n\t\t<\/div>\n\t\t\t\t\t<\/div>\n\t\t<\/section>\n\t\t\t\t<section class=\"elementor-section elementor-top-section elementor-element elementor-element-be5cfb6 elementor-section-stretched elementor-section-boxed elementor-section-height-default elementor-section-height-default\" data-id=\"be5cfb6\" data-element_type=\"section\" data-settings=\"{&quot;stretch_section&quot;:&quot;section-stretched&quot;}\">\n\t\t\t\t\t\t<div class=\"elementor-container elementor-column-gap-wide\">\n\t\t\t\t\t<div class=\"elementor-column elementor-col-100 elementor-top-column elementor-element elementor-element-b171c33\" data-id=\"b171c33\" data-element_type=\"column\">\n\t\t\t<div class=\"elementor-widget-wrap elementor-element-populated\">\n\t\t\t\t\t\t<div class=\"elementor-element elementor-element-bd204cb elementor-widget elementor-widget-text-editor\" data-id=\"bd204cb\" data-element_type=\"widget\" data-widget_type=\"text-editor.default\">\n\t\t\t\t<div class=\"elementor-widget-container\">\n\t\t\t\t\t\t\t\t\t<p style=\"text-align: center;\">Im Jahre 1993 habe ich, nach einem Verkehrsunfall, einen Rollstuhl als st\u00e4ndigen Begleiter erhalten<br \/>Nach anf\u00e4nglichen Widerst\u00e4nden wurde mir schweisstreibend beigebracht, mich auf diese f\u00fcr mich neue Art fort zu bewegen<\/p><p style=\"text-align: center;\">Schon w\u00e4hrend der Reha fielen mir Schwachstellen an den verschiedenen Rollstuhlmodellen auf und kurz nach Erhalt meines ersten pers\u00f6nlichen Stuhls durfte dieser f\u00fcr eine erste Verbesserung als Versuchsmodel hinhalten<\/p><p style=\"text-align: center;\">Meine Lust am Experimentieren und Entwickeln wird immer wieder befeuert durch die Motivation, individuelle Verbesserungen zu finden die mein\/unser Leben im Rollstuhl einfacher und sicherer machen<\/p>\t\t\t\t\t\t\t\t<\/div>\n\t\t\t\t<\/div>\n\t\t\t\t\t<\/div>\n\t\t<\/div>\n\t\t\t\t\t<\/div>\n\t\t<\/section>\n\t\t\t\t<section class=\"elementor-section elementor-top-section elementor-element elementor-element-d52e8ce elementor-section-stretched elementor-section-boxed elementor-section-height-default elementor-section-height-default\" data-id=\"d52e8ce\" data-element_type=\"section\" data-settings=\"{&quot;stretch_section&quot;:&quot;section-stretched&quot;}\">\n\t\t\t\t\t\t<div class=\"elementor-container elementor-column-gap-default\">\n\t\t\t\t\t<div class=\"elementor-column elementor-col-100 elementor-top-column elementor-element elementor-element-e9664a6\" data-id=\"e9664a6\" data-element_type=\"column\">\n\t\t\t<div class=\"elementor-widget-wrap elementor-element-populated\">\n\t\t\t\t\t\t<div class=\"elementor-element elementor-element-8bb7700 elementor-widget elementor-widget-image\" data-id=\"8bb7700\" data-element_type=\"widget\" data-settings=\"{&quot;_animation&quot;:&quot;none&quot;}\" data-widget_type=\"image.default\">\n\t\t\t\t<div class=\"elementor-widget-container\">\n\t\t\t\t\t\t\t\t\t\t\t\t\t\t\t<img fetchpriority=\"high\" decoding=\"async\" width=\"768\" height=\"1024\" src=\"https:\/\/heinz-rollstuhl-teile.ch\/wp-content\/uploads\/2021\/07\/Heinz_Hinterseer-768x1024.jpg\" class=\"attachment-large size-large wp-image-1630\" alt=\"\" srcset=\"https:\/\/heinz-rollstuhl-teile.ch\/wp-content\/uploads\/2021\/07\/Heinz_Hinterseer-768x1024.jpg 768w, https:\/\/heinz-rollstuhl-teile.ch\/wp-content\/uploads\/2021\/07\/Heinz_Hinterseer-225x300.jpg 225w, https:\/\/heinz-rollstuhl-teile.ch\/wp-content\/uploads\/2021\/07\/Heinz_Hinterseer-1152x1536.jpg 1152w, https:\/\/heinz-rollstuhl-teile.ch\/wp-content\/uploads\/2021\/07\/Heinz_Hinterseer.jpg 1512w\" sizes=\"(max-width: 768px) 100vw, 768px\" \/>\t\t\t\t\t\t\t\t\t\t\t\t\t\t\t<\/div>\n\t\t\t\t<\/div>\n\t\t\t\t\t<\/div>\n\t\t<\/div>\n\t\t\t\t\t<\/div>\n\t\t<\/section>\n\t\t\t\t<section class=\"elementor-section elementor-top-section elementor-element elementor-element-806112d elementor-section-stretched elementor-section-boxed elementor-section-height-default elementor-section-height-default\" data-id=\"806112d\" data-element_type=\"section\" data-settings=\"{&quot;stretch_section&quot;:&quot;section-stretched&quot;}\">\n\t\t\t\t\t\t<div class=\"elementor-container elementor-column-gap-default\">\n\t\t\t\t\t<div class=\"elementor-column elementor-col-100 elementor-top-column elementor-element elementor-element-2e8b637\" data-id=\"2e8b637\" data-element_type=\"column\">\n\t\t\t<div class=\"elementor-widget-wrap elementor-element-populated\">\n\t\t\t\t\t\t<div class=\"elementor-element elementor-element-ca18236 elementor-widget elementor-widget-text-editor\" data-id=\"ca18236\" data-element_type=\"widget\" data-widget_type=\"text-editor.default\">\n\t\t\t\t<div class=\"elementor-widget-container\">\n\t\t\t\t\t\t\t\t\t<p style=\"text-align: center;\">Auf dieser Webseite findest du nur Produkte die ich selbst entwickelt oder zumindest am eigenen Rollstuhl getestet habe und die bei mir fest verbaut sind<br \/><br \/><\/p><p style=\"text-align: center;\"><span style=\"color: #b09e6e;\"><strong>Langlebig<\/strong><\/span><br \/><span style=\"color: #b09e6e;\"><strong>Hochwertig<\/strong><\/span><br \/><span style=\"color: #b09e6e;\"><strong>Umweltschonend<\/strong><\/span><br \/><span style=\"color: #b09e6e;\"><strong>Bedienerfreundlich<\/strong><\/span><\/p><p style=\"text-align: center;\">ist mein Anspruch, dem alle Teile gen\u00fcgen m\u00fcssen<br \/><br \/><\/p><p style=\"text-align: center;\"><strong>Ich bin \u00fcberzeugt, meine Produkte erh\u00f6hen nicht nur meine sondern auch deine Lebensqualit\u00e4t<\/strong><\/p><p style=\"text-align: center;\">F\u00fcr Fragen wie auch Anregungen habe ich jederzeit ein offenes Ohr<\/p><p style=\"text-align: center;\">Herzlichst Heinz<\/p>\t\t\t\t\t\t\t\t<\/div>\n\t\t\t\t<\/div>\n\t\t\t\t\t<\/div>\n\t\t<\/div>\n\t\t\t\t\t<\/div>\n\t\t<\/section>\n\t\t\t\t<\/div>\n\t\t","protected":false},"excerpt":{"rendered":"<p>\u00dcber mich Im Jahre 1993 habe ich, nach einem Verkehrsunfall, einen Rollstuhl als st\u00e4ndigen Begleiter erhaltenNach anf\u00e4nglichen Widerst\u00e4nden wurde mir schweisstreibend beigebracht, mich auf diese f\u00fcr mich neue Art fort zu bewegen Schon w\u00e4hrend der Reha fielen mir Schwachstellen an den verschiedenen Rollstuhlmodellen auf und kurz nach Erhalt meines ersten pers\u00f6nlichen Stuhls durfte dieser f\u00fcr [&hellip;]<\/p>\n","protected":false},"author":1,"featured_media":0,"parent":0,"menu_order":0,"comment_status":"closed","ping_status":"closed","template":"","meta":{"footnotes":""},"class_list":["post-1328","page","type-page","status-publish","hentry"],"yoast_head":"<!-- This site is optimized with the Yoast SEO plugin v26.5 - https:\/\/yoast.com\/wordpress\/plugins\/seo\/ -->\n<title>\u00dcber mich - Heinz Rollstuhl Teile<\/title>\n<meta name=\"robots\" content=\"index, follow, max-snippet:-1, max-image-preview:large, max-video-preview:-1\" \/>\n<link rel=\"canonical\" href=\"https:\/\/heinz-rollstuhl-teile.ch\/index.php\/ueber-mich\/\" \/>\n<meta property=\"og:locale\" content=\"de_DE\" \/>\n<meta property=\"og:type\" content=\"article\" \/>\n<meta property=\"og:title\" content=\"\u00dcber mich - Heinz Rollstuhl Teile\" \/>\n<meta property=\"og:description\" content=\"\u00dcber mich Im Jahre 1993 habe ich, nach einem Verkehrsunfall, einen Rollstuhl als st\u00e4ndigen Begleiter erhaltenNach anf\u00e4nglichen Widerst\u00e4nden wurde mir schweisstreibend beigebracht, mich auf diese f\u00fcr mich neue Art fort zu bewegen Schon w\u00e4hrend der Reha fielen mir Schwachstellen an den verschiedenen Rollstuhlmodellen auf und kurz nach Erhalt meines ersten pers\u00f6nlichen Stuhls durfte dieser f\u00fcr [&hellip;]\" \/>\n<meta property=\"og:url\" content=\"https:\/\/heinz-rollstuhl-teile.ch\/index.php\/ueber-mich\/\" \/>\n<meta property=\"og:site_name\" content=\"Heinz Rollstuhl Teile\" \/>\n<meta property=\"article:modified_time\" content=\"2021-09-13T18:56:25+00:00\" \/>\n<meta property=\"og:image\" content=\"https:\/\/heinz-rollstuhl-teile.ch\/wp-content\/uploads\/2021\/07\/Heinz_Hinterseer-768x1024.jpg\" \/>\n<meta name=\"twitter:card\" content=\"summary_large_image\" \/>\n<meta name=\"twitter:label1\" content=\"Gesch\u00e4tzte Lesezeit\" \/>\n\t<meta name=\"twitter:data1\" content=\"1\u00a0Minute\" \/>\n<script type=\"application\/ld+json\" class=\"yoast-schema-graph\">{\"@context\":\"https:\/\/schema.org\",\"@graph\":[{\"@type\":\"WebPage\",\"@id\":\"https:\/\/heinz-rollstuhl-teile.ch\/index.php\/ueber-mich\/\",\"url\":\"https:\/\/heinz-rollstuhl-teile.ch\/index.php\/ueber-mich\/\",\"name\":\"\u00dcber mich - Heinz Rollstuhl Teile\",\"isPartOf\":{\"@id\":\"https:\/\/heinz-rollstuhl-teile.ch\/#website\"},\"primaryImageOfPage\":{\"@id\":\"https:\/\/heinz-rollstuhl-teile.ch\/index.php\/ueber-mich\/#primaryimage\"},\"image\":{\"@id\":\"https:\/\/heinz-rollstuhl-teile.ch\/index.php\/ueber-mich\/#primaryimage\"},\"thumbnailUrl\":\"https:\/\/heinz-rollstuhl-teile.ch\/wp-content\/uploads\/2021\/07\/Heinz_Hinterseer-768x1024.jpg\",\"datePublished\":\"2021-02-07T15:26:54+00:00\",\"dateModified\":\"2021-09-13T18:56:25+00:00\",\"breadcrumb\":{\"@id\":\"https:\/\/heinz-rollstuhl-teile.ch\/index.php\/ueber-mich\/#breadcrumb\"},\"inLanguage\":\"de-CH\",\"potentialAction\":[{\"@type\":\"ReadAction\",\"target\":[\"https:\/\/heinz-rollstuhl-teile.ch\/index.php\/ueber-mich\/\"]}]},{\"@type\":\"ImageObject\",\"inLanguage\":\"de-CH\",\"@id\":\"https:\/\/heinz-rollstuhl-teile.ch\/index.php\/ueber-mich\/#primaryimage\",\"url\":\"https:\/\/heinz-rollstuhl-teile.ch\/wp-content\/uploads\/2021\/07\/Heinz_Hinterseer.jpg\",\"contentUrl\":\"https:\/\/heinz-rollstuhl-teile.ch\/wp-content\/uploads\/2021\/07\/Heinz_Hinterseer.jpg\",\"width\":1512,\"height\":2016,\"caption\":\"Heinz Hinterseer\"},{\"@type\":\"BreadcrumbList\",\"@id\":\"https:\/\/heinz-rollstuhl-teile.ch\/index.php\/ueber-mich\/#breadcrumb\",\"itemListElement\":[{\"@type\":\"ListItem\",\"position\":1,\"name\":\"Startseite\",\"item\":\"https:\/\/heinz-rollstuhl-teile.ch\/\"},{\"@type\":\"ListItem\",\"position\":2,\"name\":\"\u00dcber mich\"}]},{\"@type\":\"WebSite\",\"@id\":\"https:\/\/heinz-rollstuhl-teile.ch\/#website\",\"url\":\"https:\/\/heinz-rollstuhl-teile.ch\/\",\"name\":\"Heinz Rollstuhl Teile\",\"description\":\"Just another WordPress site\",\"publisher\":{\"@id\":\"https:\/\/heinz-rollstuhl-teile.ch\/#organization\"},\"potentialAction\":[{\"@type\":\"SearchAction\",\"target\":{\"@type\":\"EntryPoint\",\"urlTemplate\":\"https:\/\/heinz-rollstuhl-teile.ch\/?s={search_term_string}\"},\"query-input\":{\"@type\":\"PropertyValueSpecification\",\"valueRequired\":true,\"valueName\":\"search_term_string\"}}],\"inLanguage\":\"de-CH\"},{\"@type\":\"Organization\",\"@id\":\"https:\/\/heinz-rollstuhl-teile.ch\/#organization\",\"name\":\"Heinz Rollstuhl Teile\",\"url\":\"https:\/\/heinz-rollstuhl-teile.ch\/\",\"logo\":{\"@type\":\"ImageObject\",\"inLanguage\":\"de-CH\",\"@id\":\"https:\/\/heinz-rollstuhl-teile.ch\/#\/schema\/logo\/image\/\",\"url\":\"https:\/\/heinz-rollstuhl-teile.ch\/wp-content\/uploads\/2020\/03\/h-r-t_logo_gold_1.svg\",\"contentUrl\":\"https:\/\/heinz-rollstuhl-teile.ch\/wp-content\/uploads\/2020\/03\/h-r-t_logo_gold_1.svg\",\"width\":276,\"height\":222,\"caption\":\"Heinz Rollstuhl Teile\"},\"image\":{\"@id\":\"https:\/\/heinz-rollstuhl-teile.ch\/#\/schema\/logo\/image\/\"}}]}<\/script>\n<!-- \/ Yoast SEO plugin. -->","yoast_head_json":{"title":"\u00dcber mich - Heinz Rollstuhl Teile","robots":{"index":"index","follow":"follow","max-snippet":"max-snippet:-1","max-image-preview":"max-image-preview:large","max-video-preview":"max-video-preview:-1"},"canonical":"https:\/\/heinz-rollstuhl-teile.ch\/index.php\/ueber-mich\/","og_locale":"de_DE","og_type":"article","og_title":"\u00dcber mich - Heinz Rollstuhl Teile","og_description":"\u00dcber mich Im Jahre 1993 habe ich, nach einem Verkehrsunfall, einen Rollstuhl als st\u00e4ndigen Begleiter erhaltenNach anf\u00e4nglichen Widerst\u00e4nden wurde mir schweisstreibend beigebracht, mich auf diese f\u00fcr mich neue Art fort zu bewegen Schon w\u00e4hrend der Reha fielen mir Schwachstellen an den verschiedenen Rollstuhlmodellen auf und kurz nach Erhalt meines ersten pers\u00f6nlichen Stuhls durfte dieser f\u00fcr [&hellip;]","og_url":"https:\/\/heinz-rollstuhl-teile.ch\/index.php\/ueber-mich\/","og_site_name":"Heinz Rollstuhl Teile","article_modified_time":"2021-09-13T18:56:25+00:00","og_image":[{"url":"https:\/\/heinz-rollstuhl-teile.ch\/wp-content\/uploads\/2021\/07\/Heinz_Hinterseer-768x1024.jpg","type":"","width":"","height":""}],"twitter_card":"summary_large_image","twitter_misc":{"Gesch\u00e4tzte Lesezeit":"1\u00a0Minute"},"schema":{"@context":"https:\/\/schema.org","@graph":[{"@type":"WebPage","@id":"https:\/\/heinz-rollstuhl-teile.ch\/index.php\/ueber-mich\/","url":"https:\/\/heinz-rollstuhl-teile.ch\/index.php\/ueber-mich\/","name":"\u00dcber mich - Heinz Rollstuhl Teile","isPartOf":{"@id":"https:\/\/heinz-rollstuhl-teile.ch\/#website"},"primaryImageOfPage":{"@id":"https:\/\/heinz-rollstuhl-teile.ch\/index.php\/ueber-mich\/#primaryimage"},"image":{"@id":"https:\/\/heinz-rollstuhl-teile.ch\/index.php\/ueber-mich\/#primaryimage"},"thumbnailUrl":"https:\/\/heinz-rollstuhl-teile.ch\/wp-content\/uploads\/2021\/07\/Heinz_Hinterseer-768x1024.jpg","datePublished":"2021-02-07T15:26:54+00:00","dateModified":"2021-09-13T18:56:25+00:00","breadcrumb":{"@id":"https:\/\/heinz-rollstuhl-teile.ch\/index.php\/ueber-mich\/#breadcrumb"},"inLanguage":"de-CH","potentialAction":[{"@type":"ReadAction","target":["https:\/\/heinz-rollstuhl-teile.ch\/index.php\/ueber-mich\/"]}]},{"@type":"ImageObject","inLanguage":"de-CH","@id":"https:\/\/heinz-rollstuhl-teile.ch\/index.php\/ueber-mich\/#primaryimage","url":"https:\/\/heinz-rollstuhl-teile.ch\/wp-content\/uploads\/2021\/07\/Heinz_Hinterseer.jpg","contentUrl":"https:\/\/heinz-rollstuhl-teile.ch\/wp-content\/uploads\/2021\/07\/Heinz_Hinterseer.jpg","width":1512,"height":2016,"caption":"Heinz Hinterseer"},{"@type":"BreadcrumbList","@id":"https:\/\/heinz-rollstuhl-teile.ch\/index.php\/ueber-mich\/#breadcrumb","itemListElement":[{"@type":"ListItem","position":1,"name":"Startseite","item":"https:\/\/heinz-rollstuhl-teile.ch\/"},{"@type":"ListItem","position":2,"name":"\u00dcber mich"}]},{"@type":"WebSite","@id":"https:\/\/heinz-rollstuhl-teile.ch\/#website","url":"https:\/\/heinz-rollstuhl-teile.ch\/","name":"Heinz Rollstuhl Teile","description":"Just another WordPress site","publisher":{"@id":"https:\/\/heinz-rollstuhl-teile.ch\/#organization"},"potentialAction":[{"@type":"SearchAction","target":{"@type":"EntryPoint","urlTemplate":"https:\/\/heinz-rollstuhl-teile.ch\/?s={search_term_string}"},"query-input":{"@type":"PropertyValueSpecification","valueRequired":true,"valueName":"search_term_string"}}],"inLanguage":"de-CH"},{"@type":"Organization","@id":"https:\/\/heinz-rollstuhl-teile.ch\/#organization","name":"Heinz Rollstuhl Teile","url":"https:\/\/heinz-rollstuhl-teile.ch\/","logo":{"@type":"ImageObject","inLanguage":"de-CH","@id":"https:\/\/heinz-rollstuhl-teile.ch\/#\/schema\/logo\/image\/","url":"https:\/\/heinz-rollstuhl-teile.ch\/wp-content\/uploads\/2020\/03\/h-r-t_logo_gold_1.svg","contentUrl":"https:\/\/heinz-rollstuhl-teile.ch\/wp-content\/uploads\/2020\/03\/h-r-t_logo_gold_1.svg","width":276,"height":222,"caption":"Heinz Rollstuhl Teile"},"image":{"@id":"https:\/\/heinz-rollstuhl-teile.ch\/#\/schema\/logo\/image\/"}}]}},"_links":{"self":[{"href":"https:\/\/heinz-rollstuhl-teile.ch\/index.php\/wp-json\/wp\/v2\/pages\/1328","targetHints":{"allow":["GET"]}}],"collection":[{"href":"https:\/\/heinz-rollstuhl-teile.ch\/index.php\/wp-json\/wp\/v2\/pages"}],"about":[{"href":"https:\/\/heinz-rollstuhl-teile.ch\/index.php\/wp-json\/wp\/v2\/types\/page"}],"author":[{"embeddable":true,"href":"https:\/\/heinz-rollstuhl-teile.ch\/index.php\/wp-json\/wp\/v2\/users\/1"}],"replies":[{"embeddable":true,"href":"https:\/\/heinz-rollstuhl-teile.ch\/index.php\/wp-json\/wp\/v2\/comments?post=1328"}],"version-history":[{"count":54,"href":"https:\/\/heinz-rollstuhl-teile.ch\/index.php\/wp-json\/wp\/v2\/pages\/1328\/revisions"}],"predecessor-version":[{"id":2131,"href":"https:\/\/heinz-rollstuhl-teile.ch\/index.php\/wp-json\/wp\/v2\/pages\/1328\/revisions\/2131"}],"wp:attachment":[{"href":"https:\/\/heinz-rollstuhl-teile.ch\/index.php\/wp-json\/wp\/v2\/media?parent=1328"}],"curies":[{"name":"wp","href":"https:\/\/api.w.org\/{rel}","templated":true}]}}