{"id":1670,"date":"2021-07-18T10:32:09","date_gmt":"2021-07-18T08:32:09","guid":{"rendered":"https:\/\/heinz-rollstuhl-teile.ch\/?page_id=1670"},"modified":"2025-12-12T20:23:34","modified_gmt":"2025-12-12T19:23:34","slug":"haary","status":"publish","type":"page","link":"https:\/\/heinz-rollstuhl-teile.ch\/index.php\/haary\/","title":{"rendered":"Haary"},"content":{"rendered":"\t\t<div data-elementor-type=\"wp-page\" data-elementor-id=\"1670\" class=\"elementor elementor-1670\">\n\t\t\t\t\t\t<section class=\"elementor-section elementor-top-section elementor-element elementor-element-788d716 elementor-section-boxed elementor-section-height-default elementor-section-height-default\" data-id=\"788d716\" data-element_type=\"section\">\n\t\t\t\t\t\t<div class=\"elementor-container elementor-column-gap-default\">\n\t\t\t\t\t<div class=\"elementor-column elementor-col-100 elementor-top-column elementor-element elementor-element-9d1356a\" data-id=\"9d1356a\" data-element_type=\"column\">\n\t\t\t<div class=\"elementor-widget-wrap elementor-element-populated\">\n\t\t\t\t\t\t<div class=\"elementor-element elementor-element-da44150 elementor-widget elementor-widget-text-editor\" data-id=\"da44150\" data-element_type=\"widget\" data-widget_type=\"text-editor.default\">\n\t\t\t\t<div class=\"elementor-widget-container\">\n\t\t\t\t\t\t\t\t\t<h1 style=\"text-align: center;\">Haary<\/h1>\t\t\t\t\t\t\t\t<\/div>\n\t\t\t\t<\/div>\n\t\t\t\t\t<\/div>\n\t\t<\/div>\n\t\t\t\t\t<\/div>\n\t\t<\/section>\n\t\t\t\t<section class=\"elementor-section elementor-top-section elementor-element elementor-element-f26742a elementor-section-stretched elementor-section-full_width elementor-section-height-default elementor-section-height-default\" data-id=\"f26742a\" data-element_type=\"section\" data-settings=\"{&quot;stretch_section&quot;:&quot;section-stretched&quot;}\">\n\t\t\t\t\t\t<div class=\"elementor-container elementor-column-gap-default\">\n\t\t\t\t\t<div class=\"elementor-column elementor-col-100 elementor-top-column elementor-element elementor-element-cf26ff3\" data-id=\"cf26ff3\" data-element_type=\"column\">\n\t\t\t<div class=\"elementor-widget-wrap elementor-element-populated\">\n\t\t\t\t\t\t<div class=\"elementor-element elementor-element-79c0868 elementor-widget elementor-widget-image\" data-id=\"79c0868\" data-element_type=\"widget\" data-widget_type=\"image.default\">\n\t\t\t\t<div class=\"elementor-widget-container\">\n\t\t\t\t\t\t\t\t\t\t\t\t\t\t\t<img fetchpriority=\"high\" decoding=\"async\" width=\"1024\" height=\"399\" src=\"https:\/\/heinz-rollstuhl-teile.ch\/wp-content\/uploads\/2021\/07\/Produkte-1024x399.jpg\" class=\"attachment-large size-large wp-image-1440\" alt=\"\" srcset=\"https:\/\/heinz-rollstuhl-teile.ch\/wp-content\/uploads\/2021\/07\/Produkte-1024x399.jpg 1024w, https:\/\/heinz-rollstuhl-teile.ch\/wp-content\/uploads\/2021\/07\/Produkte-300x117.jpg 300w, https:\/\/heinz-rollstuhl-teile.ch\/wp-content\/uploads\/2021\/07\/Produkte-768x299.jpg 768w, https:\/\/heinz-rollstuhl-teile.ch\/wp-content\/uploads\/2021\/07\/Produkte-1536x598.jpg 1536w, https:\/\/heinz-rollstuhl-teile.ch\/wp-content\/uploads\/2021\/07\/Produkte-2048x798.jpg 2048w, https:\/\/heinz-rollstuhl-teile.ch\/wp-content\/uploads\/2021\/07\/Produkte-scaled.jpg 2560w\" sizes=\"(max-width: 1024px) 100vw, 1024px\" \/>\t\t\t\t\t\t\t\t\t\t\t\t\t\t\t<\/div>\n\t\t\t\t<\/div>\n\t\t\t\t<div class=\"elementor-element elementor-element-1e939d2 elementor-widget elementor-widget-text-editor\" data-id=\"1e939d2\" data-element_type=\"widget\" data-widget_type=\"text-editor.default\">\n\t\t\t\t<div class=\"elementor-widget-container\">\n\t\t\t\t\t\t\t\t\t<p><\/p><p><span style=\"color: #b09e6e;\"><strong>Haary<\/strong><\/span> kann bei nahezu allen auf dem Rollstuhlmarkt erh\u00e4ltlichen R\u00e4dern eingebaut werden<br \/>19 verschiedene L\u00e4ngen gew\u00e4hren eine optimale Anpassung des individuellen Zwischenraums zwischen Lager und Gabel<br \/>Mit der Sonderserie <span style=\"color: #b09e6e;\"><strong>S <\/strong><\/span>k\u00f6nnen auch R\u00e4der mit integriertem Dynamo best\u00fcckt werden<\/p><p>Mit Hilfe der Konfiguration kannst du den f\u00fcr dich richtigen Haary finden oder schicke mir dein Rad und ich baue es um<\/p><p><\/p>\t\t\t\t\t\t\t\t<\/div>\n\t\t\t\t<\/div>\n\t\t\t\t<div class=\"elementor-element elementor-element-2035dc4 elementor-widget elementor-widget-text-editor\" data-id=\"2035dc4\" data-element_type=\"widget\" data-widget_type=\"text-editor.default\">\n\t\t\t\t<div class=\"elementor-widget-container\">\n\t\t\t\t\t\t\t\t\t<h1 style=\"text-align: center;\">Konfiguration<\/h1>\t\t\t\t\t\t\t\t<\/div>\n\t\t\t\t<\/div>\n\t\t\t\t<div class=\"elementor-element elementor-element-8e187a9 elementor-widget elementor-widget-image\" data-id=\"8e187a9\" data-element_type=\"widget\" data-widget_type=\"image.default\">\n\t\t\t\t<div class=\"elementor-widget-container\">\n\t\t\t\t\t\t\t\t\t\t\t\t\t\t\t<img decoding=\"async\" width=\"1024\" height=\"732\" src=\"https:\/\/heinz-rollstuhl-teile.ch\/wp-content\/uploads\/2021\/07\/Konfiguration_Ansicht_1-1024x732.jpg\" class=\"attachment-large size-large wp-image-1586\" alt=\"\" srcset=\"https:\/\/heinz-rollstuhl-teile.ch\/wp-content\/uploads\/2021\/07\/Konfiguration_Ansicht_1-1024x732.jpg 1024w, https:\/\/heinz-rollstuhl-teile.ch\/wp-content\/uploads\/2021\/07\/Konfiguration_Ansicht_1-300x214.jpg 300w, https:\/\/heinz-rollstuhl-teile.ch\/wp-content\/uploads\/2021\/07\/Konfiguration_Ansicht_1-768x549.jpg 768w, https:\/\/heinz-rollstuhl-teile.ch\/wp-content\/uploads\/2021\/07\/Konfiguration_Ansicht_1-1536x1097.jpg 1536w, https:\/\/heinz-rollstuhl-teile.ch\/wp-content\/uploads\/2021\/07\/Konfiguration_Ansicht_1-2048x1463.jpg 2048w, https:\/\/heinz-rollstuhl-teile.ch\/wp-content\/uploads\/2021\/07\/Konfiguration_Ansicht_1.jpg 2480w\" sizes=\"(max-width: 1024px) 100vw, 1024px\" \/>\t\t\t\t\t\t\t\t\t\t\t\t\t\t\t<\/div>\n\t\t\t\t<\/div>\n\t\t\t\t\t<\/div>\n\t\t<\/div>\n\t\t\t\t\t<\/div>\n\t\t<\/section>\n\t\t\t\t<section class=\"elementor-section elementor-top-section elementor-element elementor-element-72d43ed elementor-section-boxed elementor-section-height-default elementor-section-height-default\" data-id=\"72d43ed\" data-element_type=\"section\">\n\t\t\t\t\t\t<div class=\"elementor-container elementor-column-gap-default\">\n\t\t\t\t\t<div class=\"elementor-column elementor-col-50 elementor-top-column elementor-element elementor-element-3a21053\" data-id=\"3a21053\" data-element_type=\"column\">\n\t\t\t<div class=\"elementor-widget-wrap elementor-element-populated\">\n\t\t\t\t\t\t<div class=\"elementor-element elementor-element-a238e88 elementor-align-center elementor-widget elementor-widget-button\" data-id=\"a238e88\" data-element_type=\"widget\" data-widget_type=\"button.default\">\n\t\t\t\t<div class=\"elementor-widget-container\">\n\t\t\t\t\t\t\t\t\t<div class=\"elementor-button-wrapper\">\n\t\t\t\t\t<a class=\"elementor-button elementor-button-link elementor-size-md\" href=\"https:\/\/heinz-rollstuhl-teile.ch\/wp-content\/uploads\/2021\/07\/Konfiguration.pdf\" target=\"_blank\">\n\t\t\t\t\t\t<span class=\"elementor-button-content-wrapper\">\n\t\t\t\t\t\t<span class=\"elementor-button-icon\">\n\t\t\t\t<i aria-hidden=\"true\" class=\"fas fa-file-download\"><\/i>\t\t\t<\/span>\n\t\t\t\t\t\t\t\t\t<span class=\"elementor-button-text\">Konfiguration<\/span>\n\t\t\t\t\t<\/span>\n\t\t\t\t\t<\/a>\n\t\t\t\t<\/div>\n\t\t\t\t\t\t\t\t<\/div>\n\t\t\t\t<\/div>\n\t\t\t\t\t<\/div>\n\t\t<\/div>\n\t\t\t\t<div class=\"elementor-column elementor-col-50 elementor-top-column elementor-element elementor-element-8e08995\" data-id=\"8e08995\" data-element_type=\"column\">\n\t\t\t<div class=\"elementor-widget-wrap elementor-element-populated\">\n\t\t\t\t\t\t<div class=\"elementor-element elementor-element-1ca0dd3 elementor-align-center elementor-widget elementor-widget-button\" data-id=\"1ca0dd3\" data-element_type=\"widget\" data-widget_type=\"button.default\">\n\t\t\t\t<div class=\"elementor-widget-container\">\n\t\t\t\t\t\t\t\t\t<div class=\"elementor-button-wrapper\">\n\t\t\t\t\t<a class=\"elementor-button elementor-button-link elementor-size-md\" href=\"https:\/\/heinz-rollstuhl-teile.ch\/wp-content\/uploads\/2025\/12\/preisliste_05_2022.pdf\" target=\"_blank\">\n\t\t\t\t\t\t<span class=\"elementor-button-content-wrapper\">\n\t\t\t\t\t\t<span class=\"elementor-button-icon\">\n\t\t\t\t<i aria-hidden=\"true\" class=\"fas fa-file-download\"><\/i>\t\t\t<\/span>\n\t\t\t\t\t\t\t\t\t<span class=\"elementor-button-text\">Preisliste<\/span>\n\t\t\t\t\t<\/span>\n\t\t\t\t\t<\/a>\n\t\t\t\t<\/div>\n\t\t\t\t\t\t\t\t<\/div>\n\t\t\t\t<\/div>\n\t\t\t\t\t<\/div>\n\t\t<\/div>\n\t\t\t\t\t<\/div>\n\t\t<\/section>\n\t\t\t\t<section class=\"elementor-section elementor-top-section elementor-element elementor-element-f842b0d elementor-section-boxed elementor-section-height-default elementor-section-height-default\" data-id=\"f842b0d\" data-element_type=\"section\">\n\t\t\t\t\t\t<div class=\"elementor-container elementor-column-gap-default\">\n\t\t\t\t\t<div class=\"elementor-column elementor-col-100 elementor-top-column elementor-element elementor-element-24d3134\" data-id=\"24d3134\" data-element_type=\"column\">\n\t\t\t<div class=\"elementor-widget-wrap elementor-element-populated\">\n\t\t\t\t\t\t<div class=\"elementor-element elementor-element-7695ff5 elementor-widget elementor-widget-text-editor\" data-id=\"7695ff5\" data-element_type=\"widget\" data-widget_type=\"text-editor.default\">\n\t\t\t\t<div class=\"elementor-widget-container\">\n\t\t\t\t\t\t\t\t\t<h1 style=\"text-align: center;\">Zusatzprodukte<\/h1>\t\t\t\t\t\t\t\t<\/div>\n\t\t\t\t<\/div>\n\t\t\t\t\t<\/div>\n\t\t<\/div>\n\t\t\t\t\t<\/div>\n\t\t<\/section>\n\t\t\t\t<section class=\"elementor-section elementor-top-section elementor-element elementor-element-9f446ce elementor-section-stretched elementor-section-boxed elementor-section-height-default elementor-section-height-default\" data-id=\"9f446ce\" data-element_type=\"section\" data-settings=\"{&quot;stretch_section&quot;:&quot;section-stretched&quot;}\">\n\t\t\t\t\t\t<div class=\"elementor-container elementor-column-gap-default\">\n\t\t\t\t\t<div class=\"elementor-column elementor-col-33 elementor-top-column elementor-element elementor-element-7742ffe\" data-id=\"7742ffe\" data-element_type=\"column\">\n\t\t\t<div class=\"elementor-widget-wrap elementor-element-populated\">\n\t\t\t\t\t\t<div class=\"elementor-element elementor-element-65e0d30 elementor-widget elementor-widget-image\" data-id=\"65e0d30\" data-element_type=\"widget\" data-widget_type=\"image.default\">\n\t\t\t\t<div class=\"elementor-widget-container\">\n\t\t\t\t\t\t\t\t\t\t\t\t\t\t\t\t<a href=\"https:\/\/heinz-rollstuhl-teile.ch\/index.php\/achsenwelle\/\">\n\t\t\t\t\t\t\t<img decoding=\"async\" width=\"1024\" height=\"1024\" src=\"https:\/\/heinz-rollstuhl-teile.ch\/wp-content\/uploads\/2021\/07\/Achswelle_Vorschaubild_1-1024x1024.jpg\" class=\"elementor-animation-grow attachment-large size-large wp-image-1526\" alt=\"\" srcset=\"https:\/\/heinz-rollstuhl-teile.ch\/wp-content\/uploads\/2021\/07\/Achswelle_Vorschaubild_1-1024x1024.jpg 1024w, https:\/\/heinz-rollstuhl-teile.ch\/wp-content\/uploads\/2021\/07\/Achswelle_Vorschaubild_1-300x300.jpg 300w, https:\/\/heinz-rollstuhl-teile.ch\/wp-content\/uploads\/2021\/07\/Achswelle_Vorschaubild_1-150x150.jpg 150w, https:\/\/heinz-rollstuhl-teile.ch\/wp-content\/uploads\/2021\/07\/Achswelle_Vorschaubild_1-768x768.jpg 768w, https:\/\/heinz-rollstuhl-teile.ch\/wp-content\/uploads\/2021\/07\/Achswelle_Vorschaubild_1-1536x1536.jpg 1536w, https:\/\/heinz-rollstuhl-teile.ch\/wp-content\/uploads\/2021\/07\/Achswelle_Vorschaubild_1.jpg 1700w\" sizes=\"(max-width: 1024px) 100vw, 1024px\" \/>\t\t\t\t\t\t\t\t<\/a>\n\t\t\t\t\t\t\t\t\t\t\t\t\t\t\t<\/div>\n\t\t\t\t<\/div>\n\t\t\t\t<div class=\"elementor-element elementor-element-1c008ba elementor-widget elementor-widget-text-editor\" data-id=\"1c008ba\" data-element_type=\"widget\" data-widget_type=\"text-editor.default\">\n\t\t\t\t<div class=\"elementor-widget-container\">\n\t\t\t\t\t\t\t\t\t<p>Achswelle<\/p>\t\t\t\t\t\t\t\t<\/div>\n\t\t\t\t<\/div>\n\t\t\t\t<div class=\"elementor-element elementor-element-38c1602 elementor-view-default elementor-widget elementor-widget-icon\" data-id=\"38c1602\" data-element_type=\"widget\" data-widget_type=\"icon.default\">\n\t\t\t\t<div class=\"elementor-widget-container\">\n\t\t\t\t\t\t\t<div class=\"elementor-icon-wrapper\">\n\t\t\t<a class=\"elementor-icon\" href=\"https:\/\/heinz-rollstuhl-teile.ch\/index.php\/achsenwelle\/\">\n\t\t\t<i aria-hidden=\"true\" class=\"fas fa-angle-right\"><\/i>\t\t\t<\/a>\n\t\t<\/div>\n\t\t\t\t\t\t<\/div>\n\t\t\t\t<\/div>\n\t\t\t\t\t<\/div>\n\t\t<\/div>\n\t\t\t\t<div class=\"elementor-column elementor-col-33 elementor-top-column elementor-element elementor-element-e96e5a4\" data-id=\"e96e5a4\" data-element_type=\"column\">\n\t\t\t<div class=\"elementor-widget-wrap elementor-element-populated\">\n\t\t\t\t\t\t<div class=\"elementor-element elementor-element-698462a elementor-widget elementor-widget-image\" data-id=\"698462a\" data-element_type=\"widget\" data-widget_type=\"image.default\">\n\t\t\t\t<div class=\"elementor-widget-container\">\n\t\t\t\t\t\t\t\t\t\t\t\t\t\t\t\t<a href=\"https:\/\/heinz-rollstuhl-teile.ch\/index.php\/led-cap\/\">\n\t\t\t\t\t\t\t<img loading=\"lazy\" decoding=\"async\" width=\"1024\" height=\"1024\" src=\"https:\/\/heinz-rollstuhl-teile.ch\/wp-content\/uploads\/2021\/07\/LED-Cap_Vorschaubild_1-1024x1024.jpg\" class=\"elementor-animation-grow attachment-large size-large wp-image-1527\" alt=\"\" srcset=\"https:\/\/heinz-rollstuhl-teile.ch\/wp-content\/uploads\/2021\/07\/LED-Cap_Vorschaubild_1-1024x1024.jpg 1024w, https:\/\/heinz-rollstuhl-teile.ch\/wp-content\/uploads\/2021\/07\/LED-Cap_Vorschaubild_1-300x300.jpg 300w, https:\/\/heinz-rollstuhl-teile.ch\/wp-content\/uploads\/2021\/07\/LED-Cap_Vorschaubild_1-150x150.jpg 150w, https:\/\/heinz-rollstuhl-teile.ch\/wp-content\/uploads\/2021\/07\/LED-Cap_Vorschaubild_1-768x768.jpg 768w, https:\/\/heinz-rollstuhl-teile.ch\/wp-content\/uploads\/2021\/07\/LED-Cap_Vorschaubild_1-1536x1536.jpg 1536w, https:\/\/heinz-rollstuhl-teile.ch\/wp-content\/uploads\/2021\/07\/LED-Cap_Vorschaubild_1.jpg 1700w\" sizes=\"(max-width: 1024px) 100vw, 1024px\" \/>\t\t\t\t\t\t\t\t<\/a>\n\t\t\t\t\t\t\t\t\t\t\t\t\t\t\t<\/div>\n\t\t\t\t<\/div>\n\t\t\t\t<div class=\"elementor-element elementor-element-2cd302a elementor-widget elementor-widget-text-editor\" data-id=\"2cd302a\" data-element_type=\"widget\" data-widget_type=\"text-editor.default\">\n\t\t\t\t<div class=\"elementor-widget-container\">\n\t\t\t\t\t\t\t\t\t<p>LED-Cap<\/p>\t\t\t\t\t\t\t\t<\/div>\n\t\t\t\t<\/div>\n\t\t\t\t<div class=\"elementor-element elementor-element-f5c35bb elementor-view-default elementor-widget elementor-widget-icon\" data-id=\"f5c35bb\" data-element_type=\"widget\" data-widget_type=\"icon.default\">\n\t\t\t\t<div class=\"elementor-widget-container\">\n\t\t\t\t\t\t\t<div class=\"elementor-icon-wrapper\">\n\t\t\t<a class=\"elementor-icon\" href=\"https:\/\/heinz-rollstuhl-teile.ch\/index.php\/led-cap\/\">\n\t\t\t<i aria-hidden=\"true\" class=\"fas fa-angle-right\"><\/i>\t\t\t<\/a>\n\t\t<\/div>\n\t\t\t\t\t\t<\/div>\n\t\t\t\t<\/div>\n\t\t\t\t\t<\/div>\n\t\t<\/div>\n\t\t\t\t<div class=\"elementor-column elementor-col-33 elementor-top-column elementor-element elementor-element-9e18a3a\" data-id=\"9e18a3a\" data-element_type=\"column\">\n\t\t\t<div class=\"elementor-widget-wrap elementor-element-populated\">\n\t\t\t\t\t\t<div class=\"elementor-element elementor-element-e20a2eb elementor-widget elementor-widget-image\" data-id=\"e20a2eb\" data-element_type=\"widget\" data-widget_type=\"image.default\">\n\t\t\t\t<div class=\"elementor-widget-container\">\n\t\t\t\t\t\t\t\t\t\t\t\t\t\t\t\t<a href=\"https:\/\/heinz-rollstuhl-teile.ch\/index.php\/flaschenhalterung\/\">\n\t\t\t\t\t\t\t<img loading=\"lazy\" decoding=\"async\" width=\"1024\" height=\"1024\" src=\"https:\/\/heinz-rollstuhl-teile.ch\/wp-content\/uploads\/2021\/07\/Flaschenhalterung_Vorschaubild_1-1024x1024.jpg\" class=\"elementor-animation-grow attachment-large size-large wp-image-1528\" alt=\"\" srcset=\"https:\/\/heinz-rollstuhl-teile.ch\/wp-content\/uploads\/2021\/07\/Flaschenhalterung_Vorschaubild_1-1024x1024.jpg 1024w, https:\/\/heinz-rollstuhl-teile.ch\/wp-content\/uploads\/2021\/07\/Flaschenhalterung_Vorschaubild_1-300x300.jpg 300w, https:\/\/heinz-rollstuhl-teile.ch\/wp-content\/uploads\/2021\/07\/Flaschenhalterung_Vorschaubild_1-150x150.jpg 150w, https:\/\/heinz-rollstuhl-teile.ch\/wp-content\/uploads\/2021\/07\/Flaschenhalterung_Vorschaubild_1-768x768.jpg 768w, https:\/\/heinz-rollstuhl-teile.ch\/wp-content\/uploads\/2021\/07\/Flaschenhalterung_Vorschaubild_1-1536x1536.jpg 1536w, https:\/\/heinz-rollstuhl-teile.ch\/wp-content\/uploads\/2021\/07\/Flaschenhalterung_Vorschaubild_1.jpg 1700w\" sizes=\"(max-width: 1024px) 100vw, 1024px\" \/>\t\t\t\t\t\t\t\t<\/a>\n\t\t\t\t\t\t\t\t\t\t\t\t\t\t\t<\/div>\n\t\t\t\t<\/div>\n\t\t\t\t<div class=\"elementor-element elementor-element-f2299ce elementor-widget elementor-widget-text-editor\" data-id=\"f2299ce\" data-element_type=\"widget\" data-widget_type=\"text-editor.default\">\n\t\t\t\t<div class=\"elementor-widget-container\">\n\t\t\t\t\t\t\t\t\t<p>Flaschenhalterung<\/p>\t\t\t\t\t\t\t\t<\/div>\n\t\t\t\t<\/div>\n\t\t\t\t<div class=\"elementor-element elementor-element-b228c95 elementor-view-default elementor-widget elementor-widget-icon\" data-id=\"b228c95\" data-element_type=\"widget\" data-widget_type=\"icon.default\">\n\t\t\t\t<div class=\"elementor-widget-container\">\n\t\t\t\t\t\t\t<div class=\"elementor-icon-wrapper\">\n\t\t\t<a class=\"elementor-icon\" href=\"https:\/\/heinz-rollstuhl-teile.ch\/index.php\/flaschenhalterung\/\">\n\t\t\t<i aria-hidden=\"true\" class=\"fas fa-angle-right\"><\/i>\t\t\t<\/a>\n\t\t<\/div>\n\t\t\t\t\t\t<\/div>\n\t\t\t\t<\/div>\n\t\t\t\t\t<\/div>\n\t\t<\/div>\n\t\t\t\t\t<\/div>\n\t\t<\/section>\n\t\t\t\t<\/div>\n\t\t","protected":false},"excerpt":{"rendered":"<p>Haary Konfiguration Konfiguration Preisliste Zusatzprodukte Achswelle LED-Cap Flaschenhalterung<\/p>\n","protected":false},"author":1,"featured_media":0,"parent":0,"menu_order":0,"comment_status":"closed","ping_status":"closed","template":"","meta":{"footnotes":""},"class_list":["post-1670","page","type-page","status-publish","hentry"],"yoast_head":"<!-- This site is optimized with the Yoast SEO plugin v26.5 - https:\/\/yoast.com\/wordpress\/plugins\/seo\/ -->\n<title>Haary - Heinz Rollstuhl Teile<\/title>\n<meta name=\"robots\" content=\"index, follow, max-snippet:-1, max-image-preview:large, max-video-preview:-1\" \/>\n<link rel=\"canonical\" href=\"https:\/\/heinz-rollstuhl-teile.ch\/index.php\/haary\/\" \/>\n<meta property=\"og:locale\" content=\"de_DE\" \/>\n<meta property=\"og:type\" content=\"article\" \/>\n<meta property=\"og:title\" content=\"Haary - Heinz Rollstuhl Teile\" \/>\n<meta property=\"og:description\" content=\"Haary Konfiguration Konfiguration Preisliste Zusatzprodukte Achswelle LED-Cap Flaschenhalterung\" \/>\n<meta property=\"og:url\" content=\"https:\/\/heinz-rollstuhl-teile.ch\/index.php\/haary\/\" \/>\n<meta property=\"og:site_name\" content=\"Heinz Rollstuhl Teile\" \/>\n<meta property=\"article:modified_time\" content=\"2025-12-12T19:23:34+00:00\" \/>\n<meta property=\"og:image\" content=\"https:\/\/heinz-rollstuhl-teile.ch\/wp-content\/uploads\/2021\/07\/Produkte-scaled.jpg\" \/>\n\t<meta property=\"og:image:width\" content=\"2560\" \/>\n\t<meta property=\"og:image:height\" content=\"997\" \/>\n\t<meta property=\"og:image:type\" content=\"image\/jpeg\" \/>\n<meta name=\"twitter:card\" content=\"summary_large_image\" \/>\n<meta name=\"twitter:label1\" content=\"Gesch\u00e4tzte Lesezeit\" \/>\n\t<meta name=\"twitter:data1\" content=\"2\u00a0Minuten\" \/>\n<script type=\"application\/ld+json\" class=\"yoast-schema-graph\">{\"@context\":\"https:\/\/schema.org\",\"@graph\":[{\"@type\":\"WebPage\",\"@id\":\"https:\/\/heinz-rollstuhl-teile.ch\/index.php\/haary\/\",\"url\":\"https:\/\/heinz-rollstuhl-teile.ch\/index.php\/haary\/\",\"name\":\"Haary - Heinz Rollstuhl Teile\",\"isPartOf\":{\"@id\":\"https:\/\/heinz-rollstuhl-teile.ch\/#website\"},\"primaryImageOfPage\":{\"@id\":\"https:\/\/heinz-rollstuhl-teile.ch\/index.php\/haary\/#primaryimage\"},\"image\":{\"@id\":\"https:\/\/heinz-rollstuhl-teile.ch\/index.php\/haary\/#primaryimage\"},\"thumbnailUrl\":\"https:\/\/heinz-rollstuhl-teile.ch\/wp-content\/uploads\/2021\/07\/Produkte-1024x399.jpg\",\"datePublished\":\"2021-07-18T08:32:09+00:00\",\"dateModified\":\"2025-12-12T19:23:34+00:00\",\"breadcrumb\":{\"@id\":\"https:\/\/heinz-rollstuhl-teile.ch\/index.php\/haary\/#breadcrumb\"},\"inLanguage\":\"de-CH\",\"potentialAction\":[{\"@type\":\"ReadAction\",\"target\":[\"https:\/\/heinz-rollstuhl-teile.ch\/index.php\/haary\/\"]}]},{\"@type\":\"ImageObject\",\"inLanguage\":\"de-CH\",\"@id\":\"https:\/\/heinz-rollstuhl-teile.ch\/index.php\/haary\/#primaryimage\",\"url\":\"https:\/\/heinz-rollstuhl-teile.ch\/wp-content\/uploads\/2021\/07\/Produkte-1024x399.jpg\",\"contentUrl\":\"https:\/\/heinz-rollstuhl-teile.ch\/wp-content\/uploads\/2021\/07\/Produkte-1024x399.jpg\"},{\"@type\":\"BreadcrumbList\",\"@id\":\"https:\/\/heinz-rollstuhl-teile.ch\/index.php\/haary\/#breadcrumb\",\"itemListElement\":[{\"@type\":\"ListItem\",\"position\":1,\"name\":\"Startseite\",\"item\":\"https:\/\/heinz-rollstuhl-teile.ch\/\"},{\"@type\":\"ListItem\",\"position\":2,\"name\":\"Haary\"}]},{\"@type\":\"WebSite\",\"@id\":\"https:\/\/heinz-rollstuhl-teile.ch\/#website\",\"url\":\"https:\/\/heinz-rollstuhl-teile.ch\/\",\"name\":\"Heinz Rollstuhl Teile\",\"description\":\"Just another WordPress site\",\"publisher\":{\"@id\":\"https:\/\/heinz-rollstuhl-teile.ch\/#organization\"},\"potentialAction\":[{\"@type\":\"SearchAction\",\"target\":{\"@type\":\"EntryPoint\",\"urlTemplate\":\"https:\/\/heinz-rollstuhl-teile.ch\/?s={search_term_string}\"},\"query-input\":{\"@type\":\"PropertyValueSpecification\",\"valueRequired\":true,\"valueName\":\"search_term_string\"}}],\"inLanguage\":\"de-CH\"},{\"@type\":\"Organization\",\"@id\":\"https:\/\/heinz-rollstuhl-teile.ch\/#organization\",\"name\":\"Heinz Rollstuhl Teile\",\"url\":\"https:\/\/heinz-rollstuhl-teile.ch\/\",\"logo\":{\"@type\":\"ImageObject\",\"inLanguage\":\"de-CH\",\"@id\":\"https:\/\/heinz-rollstuhl-teile.ch\/#\/schema\/logo\/image\/\",\"url\":\"https:\/\/heinz-rollstuhl-teile.ch\/wp-content\/uploads\/2020\/03\/h-r-t_logo_gold_1.svg\",\"contentUrl\":\"https:\/\/heinz-rollstuhl-teile.ch\/wp-content\/uploads\/2020\/03\/h-r-t_logo_gold_1.svg\",\"width\":276,\"height\":222,\"caption\":\"Heinz Rollstuhl Teile\"},\"image\":{\"@id\":\"https:\/\/heinz-rollstuhl-teile.ch\/#\/schema\/logo\/image\/\"}}]}<\/script>\n<!-- \/ Yoast SEO plugin. -->","yoast_head_json":{"title":"Haary - Heinz Rollstuhl Teile","robots":{"index":"index","follow":"follow","max-snippet":"max-snippet:-1","max-image-preview":"max-image-preview:large","max-video-preview":"max-video-preview:-1"},"canonical":"https:\/\/heinz-rollstuhl-teile.ch\/index.php\/haary\/","og_locale":"de_DE","og_type":"article","og_title":"Haary - Heinz Rollstuhl Teile","og_description":"Haary Konfiguration Konfiguration Preisliste Zusatzprodukte Achswelle LED-Cap Flaschenhalterung","og_url":"https:\/\/heinz-rollstuhl-teile.ch\/index.php\/haary\/","og_site_name":"Heinz Rollstuhl Teile","article_modified_time":"2025-12-12T19:23:34+00:00","og_image":[{"width":2560,"height":997,"url":"https:\/\/heinz-rollstuhl-teile.ch\/wp-content\/uploads\/2021\/07\/Produkte-scaled.jpg","type":"image\/jpeg"}],"twitter_card":"summary_large_image","twitter_misc":{"Gesch\u00e4tzte Lesezeit":"2\u00a0Minuten"},"schema":{"@context":"https:\/\/schema.org","@graph":[{"@type":"WebPage","@id":"https:\/\/heinz-rollstuhl-teile.ch\/index.php\/haary\/","url":"https:\/\/heinz-rollstuhl-teile.ch\/index.php\/haary\/","name":"Haary - Heinz Rollstuhl Teile","isPartOf":{"@id":"https:\/\/heinz-rollstuhl-teile.ch\/#website"},"primaryImageOfPage":{"@id":"https:\/\/heinz-rollstuhl-teile.ch\/index.php\/haary\/#primaryimage"},"image":{"@id":"https:\/\/heinz-rollstuhl-teile.ch\/index.php\/haary\/#primaryimage"},"thumbnailUrl":"https:\/\/heinz-rollstuhl-teile.ch\/wp-content\/uploads\/2021\/07\/Produkte-1024x399.jpg","datePublished":"2021-07-18T08:32:09+00:00","dateModified":"2025-12-12T19:23:34+00:00","breadcrumb":{"@id":"https:\/\/heinz-rollstuhl-teile.ch\/index.php\/haary\/#breadcrumb"},"inLanguage":"de-CH","potentialAction":[{"@type":"ReadAction","target":["https:\/\/heinz-rollstuhl-teile.ch\/index.php\/haary\/"]}]},{"@type":"ImageObject","inLanguage":"de-CH","@id":"https:\/\/heinz-rollstuhl-teile.ch\/index.php\/haary\/#primaryimage","url":"https:\/\/heinz-rollstuhl-teile.ch\/wp-content\/uploads\/2021\/07\/Produkte-1024x399.jpg","contentUrl":"https:\/\/heinz-rollstuhl-teile.ch\/wp-content\/uploads\/2021\/07\/Produkte-1024x399.jpg"},{"@type":"BreadcrumbList","@id":"https:\/\/heinz-rollstuhl-teile.ch\/index.php\/haary\/#breadcrumb","itemListElement":[{"@type":"ListItem","position":1,"name":"Startseite","item":"https:\/\/heinz-rollstuhl-teile.ch\/"},{"@type":"ListItem","position":2,"name":"Haary"}]},{"@type":"WebSite","@id":"https:\/\/heinz-rollstuhl-teile.ch\/#website","url":"https:\/\/heinz-rollstuhl-teile.ch\/","name":"Heinz Rollstuhl Teile","description":"Just another WordPress site","publisher":{"@id":"https:\/\/heinz-rollstuhl-teile.ch\/#organization"},"potentialAction":[{"@type":"SearchAction","target":{"@type":"EntryPoint","urlTemplate":"https:\/\/heinz-rollstuhl-teile.ch\/?s={search_term_string}"},"query-input":{"@type":"PropertyValueSpecification","valueRequired":true,"valueName":"search_term_string"}}],"inLanguage":"de-CH"},{"@type":"Organization","@id":"https:\/\/heinz-rollstuhl-teile.ch\/#organization","name":"Heinz Rollstuhl Teile","url":"https:\/\/heinz-rollstuhl-teile.ch\/","logo":{"@type":"ImageObject","inLanguage":"de-CH","@id":"https:\/\/heinz-rollstuhl-teile.ch\/#\/schema\/logo\/image\/","url":"https:\/\/heinz-rollstuhl-teile.ch\/wp-content\/uploads\/2020\/03\/h-r-t_logo_gold_1.svg","contentUrl":"https:\/\/heinz-rollstuhl-teile.ch\/wp-content\/uploads\/2020\/03\/h-r-t_logo_gold_1.svg","width":276,"height":222,"caption":"Heinz Rollstuhl Teile"},"image":{"@id":"https:\/\/heinz-rollstuhl-teile.ch\/#\/schema\/logo\/image\/"}}]}},"_links":{"self":[{"href":"https:\/\/heinz-rollstuhl-teile.ch\/index.php\/wp-json\/wp\/v2\/pages\/1670","targetHints":{"allow":["GET"]}}],"collection":[{"href":"https:\/\/heinz-rollstuhl-teile.ch\/index.php\/wp-json\/wp\/v2\/pages"}],"about":[{"href":"https:\/\/heinz-rollstuhl-teile.ch\/index.php\/wp-json\/wp\/v2\/types\/page"}],"author":[{"embeddable":true,"href":"https:\/\/heinz-rollstuhl-teile.ch\/index.php\/wp-json\/wp\/v2\/users\/1"}],"replies":[{"embeddable":true,"href":"https:\/\/heinz-rollstuhl-teile.ch\/index.php\/wp-json\/wp\/v2\/comments?post=1670"}],"version-history":[{"count":25,"href":"https:\/\/heinz-rollstuhl-teile.ch\/index.php\/wp-json\/wp\/v2\/pages\/1670\/revisions"}],"predecessor-version":[{"id":2246,"href":"https:\/\/heinz-rollstuhl-teile.ch\/index.php\/wp-json\/wp\/v2\/pages\/1670\/revisions\/2246"}],"wp:attachment":[{"href":"https:\/\/heinz-rollstuhl-teile.ch\/index.php\/wp-json\/wp\/v2\/media?parent=1670"}],"curies":[{"name":"wp","href":"https:\/\/api.w.org\/{rel}","templated":true}]}}