{"id":293,"date":"2020-03-18T17:27:54","date_gmt":"2020-03-18T16:27:54","guid":{"rendered":"https:\/\/heinz-rollstuhl-teile.ch\/?page_id=293"},"modified":"2020-10-07T19:16:33","modified_gmt":"2020-10-07T17:16:33","slug":"datenschutz","status":"publish","type":"page","link":"https:\/\/heinz-rollstuhl-teile.ch\/index.php\/datenschutz\/","title":{"rendered":"Datenschutz"},"content":{"rendered":"\t\t<div data-elementor-type=\"wp-page\" data-elementor-id=\"293\" class=\"elementor elementor-293\">\n\t\t\t\t\t\t<section class=\"elementor-section elementor-top-section elementor-element elementor-element-5154667e elementor-section-stretched elementor-section-boxed elementor-section-height-default elementor-section-height-default\" data-id=\"5154667e\" data-element_type=\"section\" data-settings=\"{&quot;stretch_section&quot;:&quot;section-stretched&quot;}\">\n\t\t\t\t\t\t<div class=\"elementor-container elementor-column-gap-default\">\n\t\t\t\t\t<div class=\"elementor-column elementor-col-100 elementor-top-column elementor-element elementor-element-76e20ccf\" data-id=\"76e20ccf\" data-element_type=\"column\">\n\t\t\t<div class=\"elementor-widget-wrap elementor-element-populated\">\n\t\t\t\t\t\t<div class=\"elementor-element elementor-element-38b0f049 elementor-widget elementor-widget-text-editor\" data-id=\"38b0f049\" data-element_type=\"widget\" data-widget_type=\"text-editor.default\">\n\t\t\t\t<div class=\"elementor-widget-container\">\n\t\t\t\t\t\t\t\t\t<p><\/p>\n<p>Die folgenden Hinweise kl\u00e4ren Sie auf, was mit ihren personenbezogenen Daten passiert, wenn Sie unsere Website besuchen. Wir behandeln Ihre pers\u00f6nlichen Daten vertraulich und entsprechend der gesetzlichen Datenschutzvorschriften sowie dieser Datenschutzerkl\u00e4rung. Die Nutzung unserer Website ist ohne Angabe personenbezogener Daten m\u00f6glich. Soweit auf unseren Seiten personenbezogene Daten (z.B. Name, Anschrift, Telefon oder E-Mail-Adressen) erhoben werden, erfolgt dies, soweit m\u00f6glich, stets auf freiwilliger Basis. Diese Daten werden ohne Ihre ausdr\u00fcckliche Zustimmung nicht an Dritte weitergegeben. Wir weisen darauf hin, dass die Daten\u00fcbertragung im Internet (z.B. bei der Kommunikation per E-Mail) Sicherheitsl\u00fccken aufweisen kann. Ein l\u00fcckenloser Schutz der Daten vor dem Zugriff durch Dritte ist nicht in jedem Fall m\u00f6glich.<\/p>\n<p><\/p>\n<p><\/p>\n<p><strong>Cookies<\/strong><br>Cookies sind kleine Textdateien, die auf Ihrem Rechner abgelegt und von Ihrem Browser gespeichert werden. Sie richten auf Ihrem Rechner keinen Schaden an und enthalten keine Viren. Die meisten der von uns verwendeten Cookies sind so genannte \u201eSession-Cookies\u201c. Sie werden nach Ende Ihres Besuchs automatisch gel\u00f6scht. Andere Cookies bleiben auf Ihrem Endger\u00e4t gespeichert, bis Sie diese l\u00f6schen. Diese Cookies erm\u00f6glichen es uns, Ihren Browser beim n\u00e4chsten Besuch wiederzuerkennen.<br>Sie k\u00f6nnen in Ihrem Browser Einstellungen vornehmen, dass Sie Cookies nur in Einzelf\u00e4llen erlauben, die Annahme von Cookies f\u00fcr bestimmte F\u00e4lle oder generell ausschliessen. Auch k\u00f6nnen Sie das automatische L\u00f6schen der Cookies beim Schlie\u00dfen des Browserfenster aktivieren. Bei der Deaktivierung von Cookies kann die Funktionalit\u00e4t dieser Website eingeschr\u00e4nkt sein.<\/p>\n<p><\/p>\n<p><\/p>\n<p><strong>Server Log-Files<\/strong><br>Der Hostingprovider dieser Webseite erhebt und speichert automatisch Informationen in so genannten Server-Log Files, die Ihr Browser automatisch \u00fcbermittelt. Dies sind: Browsertyp und Browserversion, verwendetes Betriebssystem, Referrer URL, Hostname des zugreifenden Rechners, Uhrzeit der Serveranfrage. Diese Daten sind nicht bestimmten Personen zuordenbar. Eine Zusammenf\u00fchrung dieser Daten mit anderen Datenquellen wird nicht vorgenommen. Wir behalten uns vor, diese Daten nachtr\u00e4glich zu pr\u00fcfen, wenn uns konkrete Anhaltspunkte f\u00fcr eine rechtswidrige Nutzung bekannt werden.<\/p>\n<p><\/p>\n<p><\/p>\n<p><strong>Kontaktformulare<br><\/strong>Wenn du das Kontakformular bei uns auf der Webseite ausf\u00fcllst, werden alle deine Angaben per E-Mail an uns \u00fcbermittelt und zus\u00e4tzlich zur Sicherheit vor Verlust und besseren Nachvollziehbarkeit in der Datenbank gespeichert. Diese Daten geben wir nicht ohne deine Einwilligung an Dritte weiter.<\/p>\n<p><\/p>\n<p><\/p>\n<p><strong>SSL-Verschl\u00fcsselung<\/strong><br>Diese Seite nutzt aus Gr\u00fcnden der Sicherheit eine SSL-Verschl\u00fcsselung. Eine verschl\u00fcsselte Verbindung erkennen Sie an der Adresszeile \u00abhttps:\/\/\u00bb und dem im Browser angezeigten Schloss-Symbol. Daten die per SSL verschl\u00fcsselt sind, k\u00f6nnen bei der \u00dcbertragung nicht von Dritten mitgelesen werden.<\/p>\n<p><\/p>\n<p><\/p>\n<p><strong>Eingebettete Inhalte von anderen Websites<\/strong><br>Beitr\u00e4ge auf dieser Website k\u00f6nnen eingebettete Inhalte beinhalten (z.B. Videos, Bilder, Beitr\u00e4ge etc.). Eingebettete Inhalte von anderen Websites verhalten sich exakt so, als ob der Besucher die andere Website besucht h\u00e4tte.<\/p>\n<p><\/p>\n<p><\/p>\n<p><\/p>\n<p><\/p>\n<p><strong>Google Fonts<\/strong><br>Diese Seite nutzt Funktionen des CDN Google Fonts. Anbieter ist die Google Inc., 1600 Amphitheatre Parkway Mountain View, CA 94043, USA. Bei jedem Abruf einer unserer Seiten, die Funktionen von Google Fonts enth\u00e4lt, wird eine Verbindung zu Servern von Google Fonts aufgebaut. Google Fonts wird dar\u00fcber informiert, dass Sie unsere Internetseiten mit Ihrer IP-Adresse besucht haben.<\/p>\n<p><\/p>\n<p><\/p>\n<p><strong>Auskunft, Sperrung und L\u00f6schung<\/strong><br>Sie haben jederzeit das Recht auf unentgeltliche Auskunft \u00fcber ihre gespeicherten personenbezogenen Daten, deren Herkunft und Empf\u00e4nger und den Zweck der Datenverarbeitung sowie ein Recht auf Berichtigung, Sperrung oder L\u00f6schung dieser Daten.<\/p>\n<p><\/p>\t\t\t\t\t\t\t\t<\/div>\n\t\t\t\t<\/div>\n\t\t\t\t\t<\/div>\n\t\t<\/div>\n\t\t\t\t\t<\/div>\n\t\t<\/section>\n\t\t\t\t<\/div>\n\t\t","protected":false},"excerpt":{"rendered":"<p>Die folgenden Hinweise kl\u00e4ren Sie auf, was mit ihren personenbezogenen Daten passiert, wenn Sie unsere Website besuchen. Wir behandeln Ihre pers\u00f6nlichen Daten vertraulich und entsprechend der gesetzlichen Datenschutzvorschriften sowie dieser Datenschutzerkl\u00e4rung. Die Nutzung unserer Website ist ohne Angabe personenbezogener Daten m\u00f6glich. Soweit auf unseren Seiten personenbezogene Daten (z.B. Name, Anschrift, Telefon oder E-Mail-Adressen) erhoben werden, [&hellip;]<\/p>\n","protected":false},"author":1,"featured_media":0,"parent":0,"menu_order":0,"comment_status":"closed","ping_status":"closed","template":"","meta":{"footnotes":""},"class_list":["post-293","page","type-page","status-publish","hentry"],"yoast_head":"<!-- This site is optimized with the Yoast SEO plugin v26.5 - https:\/\/yoast.com\/wordpress\/plugins\/seo\/ -->\n<title>Datenschutz - Heinz Rollstuhl Teile<\/title>\n<meta name=\"robots\" content=\"index, follow, max-snippet:-1, max-image-preview:large, max-video-preview:-1\" \/>\n<link rel=\"canonical\" href=\"https:\/\/heinz-rollstuhl-teile.ch\/index.php\/datenschutz\/\" \/>\n<meta property=\"og:locale\" content=\"de_DE\" \/>\n<meta property=\"og:type\" content=\"article\" \/>\n<meta property=\"og:title\" content=\"Datenschutz - Heinz Rollstuhl Teile\" \/>\n<meta property=\"og:description\" content=\"Die folgenden Hinweise kl\u00e4ren Sie auf, was mit ihren personenbezogenen Daten passiert, wenn Sie unsere Website besuchen. Wir behandeln Ihre pers\u00f6nlichen Daten vertraulich und entsprechend der gesetzlichen Datenschutzvorschriften sowie dieser Datenschutzerkl\u00e4rung. Die Nutzung unserer Website ist ohne Angabe personenbezogener Daten m\u00f6glich. Soweit auf unseren Seiten personenbezogene Daten (z.B. Name, Anschrift, Telefon oder E-Mail-Adressen) erhoben werden, [&hellip;]\" \/>\n<meta property=\"og:url\" content=\"https:\/\/heinz-rollstuhl-teile.ch\/index.php\/datenschutz\/\" \/>\n<meta property=\"og:site_name\" content=\"Heinz Rollstuhl Teile\" \/>\n<meta property=\"article:modified_time\" content=\"2020-10-07T17:16:33+00:00\" \/>\n<meta name=\"twitter:card\" content=\"summary_large_image\" \/>\n<meta name=\"twitter:label1\" content=\"Gesch\u00e4tzte Lesezeit\" \/>\n\t<meta name=\"twitter:data1\" content=\"3\u00a0Minuten\" \/>\n<script type=\"application\/ld+json\" class=\"yoast-schema-graph\">{\"@context\":\"https:\/\/schema.org\",\"@graph\":[{\"@type\":\"WebPage\",\"@id\":\"https:\/\/heinz-rollstuhl-teile.ch\/index.php\/datenschutz\/\",\"url\":\"https:\/\/heinz-rollstuhl-teile.ch\/index.php\/datenschutz\/\",\"name\":\"Datenschutz - Heinz Rollstuhl Teile\",\"isPartOf\":{\"@id\":\"https:\/\/heinz-rollstuhl-teile.ch\/#website\"},\"datePublished\":\"2020-03-18T16:27:54+00:00\",\"dateModified\":\"2020-10-07T17:16:33+00:00\",\"breadcrumb\":{\"@id\":\"https:\/\/heinz-rollstuhl-teile.ch\/index.php\/datenschutz\/#breadcrumb\"},\"inLanguage\":\"de-CH\",\"potentialAction\":[{\"@type\":\"ReadAction\",\"target\":[\"https:\/\/heinz-rollstuhl-teile.ch\/index.php\/datenschutz\/\"]}]},{\"@type\":\"BreadcrumbList\",\"@id\":\"https:\/\/heinz-rollstuhl-teile.ch\/index.php\/datenschutz\/#breadcrumb\",\"itemListElement\":[{\"@type\":\"ListItem\",\"position\":1,\"name\":\"Startseite\",\"item\":\"https:\/\/heinz-rollstuhl-teile.ch\/\"},{\"@type\":\"ListItem\",\"position\":2,\"name\":\"Datenschutz\"}]},{\"@type\":\"WebSite\",\"@id\":\"https:\/\/heinz-rollstuhl-teile.ch\/#website\",\"url\":\"https:\/\/heinz-rollstuhl-teile.ch\/\",\"name\":\"Heinz Rollstuhl Teile\",\"description\":\"Just another WordPress site\",\"publisher\":{\"@id\":\"https:\/\/heinz-rollstuhl-teile.ch\/#organization\"},\"potentialAction\":[{\"@type\":\"SearchAction\",\"target\":{\"@type\":\"EntryPoint\",\"urlTemplate\":\"https:\/\/heinz-rollstuhl-teile.ch\/?s={search_term_string}\"},\"query-input\":{\"@type\":\"PropertyValueSpecification\",\"valueRequired\":true,\"valueName\":\"search_term_string\"}}],\"inLanguage\":\"de-CH\"},{\"@type\":\"Organization\",\"@id\":\"https:\/\/heinz-rollstuhl-teile.ch\/#organization\",\"name\":\"Heinz Rollstuhl Teile\",\"url\":\"https:\/\/heinz-rollstuhl-teile.ch\/\",\"logo\":{\"@type\":\"ImageObject\",\"inLanguage\":\"de-CH\",\"@id\":\"https:\/\/heinz-rollstuhl-teile.ch\/#\/schema\/logo\/image\/\",\"url\":\"https:\/\/heinz-rollstuhl-teile.ch\/wp-content\/uploads\/2020\/03\/h-r-t_logo_gold_1.svg\",\"contentUrl\":\"https:\/\/heinz-rollstuhl-teile.ch\/wp-content\/uploads\/2020\/03\/h-r-t_logo_gold_1.svg\",\"width\":276,\"height\":222,\"caption\":\"Heinz Rollstuhl Teile\"},\"image\":{\"@id\":\"https:\/\/heinz-rollstuhl-teile.ch\/#\/schema\/logo\/image\/\"}}]}<\/script>\n<!-- \/ Yoast SEO plugin. -->","yoast_head_json":{"title":"Datenschutz - Heinz Rollstuhl Teile","robots":{"index":"index","follow":"follow","max-snippet":"max-snippet:-1","max-image-preview":"max-image-preview:large","max-video-preview":"max-video-preview:-1"},"canonical":"https:\/\/heinz-rollstuhl-teile.ch\/index.php\/datenschutz\/","og_locale":"de_DE","og_type":"article","og_title":"Datenschutz - Heinz Rollstuhl Teile","og_description":"Die folgenden Hinweise kl\u00e4ren Sie auf, was mit ihren personenbezogenen Daten passiert, wenn Sie unsere Website besuchen. Wir behandeln Ihre pers\u00f6nlichen Daten vertraulich und entsprechend der gesetzlichen Datenschutzvorschriften sowie dieser Datenschutzerkl\u00e4rung. Die Nutzung unserer Website ist ohne Angabe personenbezogener Daten m\u00f6glich. Soweit auf unseren Seiten personenbezogene Daten (z.B. Name, Anschrift, Telefon oder E-Mail-Adressen) erhoben werden, [&hellip;]","og_url":"https:\/\/heinz-rollstuhl-teile.ch\/index.php\/datenschutz\/","og_site_name":"Heinz Rollstuhl Teile","article_modified_time":"2020-10-07T17:16:33+00:00","twitter_card":"summary_large_image","twitter_misc":{"Gesch\u00e4tzte Lesezeit":"3\u00a0Minuten"},"schema":{"@context":"https:\/\/schema.org","@graph":[{"@type":"WebPage","@id":"https:\/\/heinz-rollstuhl-teile.ch\/index.php\/datenschutz\/","url":"https:\/\/heinz-rollstuhl-teile.ch\/index.php\/datenschutz\/","name":"Datenschutz - Heinz Rollstuhl Teile","isPartOf":{"@id":"https:\/\/heinz-rollstuhl-teile.ch\/#website"},"datePublished":"2020-03-18T16:27:54+00:00","dateModified":"2020-10-07T17:16:33+00:00","breadcrumb":{"@id":"https:\/\/heinz-rollstuhl-teile.ch\/index.php\/datenschutz\/#breadcrumb"},"inLanguage":"de-CH","potentialAction":[{"@type":"ReadAction","target":["https:\/\/heinz-rollstuhl-teile.ch\/index.php\/datenschutz\/"]}]},{"@type":"BreadcrumbList","@id":"https:\/\/heinz-rollstuhl-teile.ch\/index.php\/datenschutz\/#breadcrumb","itemListElement":[{"@type":"ListItem","position":1,"name":"Startseite","item":"https:\/\/heinz-rollstuhl-teile.ch\/"},{"@type":"ListItem","position":2,"name":"Datenschutz"}]},{"@type":"WebSite","@id":"https:\/\/heinz-rollstuhl-teile.ch\/#website","url":"https:\/\/heinz-rollstuhl-teile.ch\/","name":"Heinz Rollstuhl Teile","description":"Just another WordPress site","publisher":{"@id":"https:\/\/heinz-rollstuhl-teile.ch\/#organization"},"potentialAction":[{"@type":"SearchAction","target":{"@type":"EntryPoint","urlTemplate":"https:\/\/heinz-rollstuhl-teile.ch\/?s={search_term_string}"},"query-input":{"@type":"PropertyValueSpecification","valueRequired":true,"valueName":"search_term_string"}}],"inLanguage":"de-CH"},{"@type":"Organization","@id":"https:\/\/heinz-rollstuhl-teile.ch\/#organization","name":"Heinz Rollstuhl Teile","url":"https:\/\/heinz-rollstuhl-teile.ch\/","logo":{"@type":"ImageObject","inLanguage":"de-CH","@id":"https:\/\/heinz-rollstuhl-teile.ch\/#\/schema\/logo\/image\/","url":"https:\/\/heinz-rollstuhl-teile.ch\/wp-content\/uploads\/2020\/03\/h-r-t_logo_gold_1.svg","contentUrl":"https:\/\/heinz-rollstuhl-teile.ch\/wp-content\/uploads\/2020\/03\/h-r-t_logo_gold_1.svg","width":276,"height":222,"caption":"Heinz Rollstuhl Teile"},"image":{"@id":"https:\/\/heinz-rollstuhl-teile.ch\/#\/schema\/logo\/image\/"}}]}},"_links":{"self":[{"href":"https:\/\/heinz-rollstuhl-teile.ch\/index.php\/wp-json\/wp\/v2\/pages\/293","targetHints":{"allow":["GET"]}}],"collection":[{"href":"https:\/\/heinz-rollstuhl-teile.ch\/index.php\/wp-json\/wp\/v2\/pages"}],"about":[{"href":"https:\/\/heinz-rollstuhl-teile.ch\/index.php\/wp-json\/wp\/v2\/types\/page"}],"author":[{"embeddable":true,"href":"https:\/\/heinz-rollstuhl-teile.ch\/index.php\/wp-json\/wp\/v2\/users\/1"}],"replies":[{"embeddable":true,"href":"https:\/\/heinz-rollstuhl-teile.ch\/index.php\/wp-json\/wp\/v2\/comments?post=293"}],"version-history":[{"count":8,"href":"https:\/\/heinz-rollstuhl-teile.ch\/index.php\/wp-json\/wp\/v2\/pages\/293\/revisions"}],"predecessor-version":[{"id":1318,"href":"https:\/\/heinz-rollstuhl-teile.ch\/index.php\/wp-json\/wp\/v2\/pages\/293\/revisions\/1318"}],"wp:attachment":[{"href":"https:\/\/heinz-rollstuhl-teile.ch\/index.php\/wp-json\/wp\/v2\/media?parent=293"}],"curies":[{"name":"wp","href":"https:\/\/api.w.org\/{rel}","templated":true}]}}